{"id":111,"date":"2026-03-03T18:29:49","date_gmt":"2026-03-03T18:29:49","guid":{"rendered":"https:\/\/new.tallinnvoice.ee\/?page_id=111"},"modified":"2026-03-04T00:21:58","modified_gmt":"2026-03-04T00:21:58","slug":"instrumental-regulations","status":"publish","type":"page","link":"https:\/\/new.tallinnvoice.ee\/et\/instrumental-regulations\/","title":{"rendered":"Instrumental Competition"},"content":{"rendered":"<div class=\"wp-block-group has-palette-color-1-color has-text-color has-link-color wp-elements-6e2389956bdb8166d983706f62c2fed5 is-layout-constrained wp-container-core-group-is-layout-704e782a wp-block-group-is-layout-constrained\">\n<h1 class=\"wp-block-heading has-text-align-center has-palette-color-1-color has-text-color has-link-color has-large-font-size wp-elements-53202916f9ce1c77e1341d09acf7d753\">\ud83c\udfb9 INSTRUMENTAL COMPETITION REGULATIONS<\/h1>\n\n\n\n<p class=\"has-text-align-center has-palette-color-3-color has-text-color has-link-color wp-elements-7b3831528299b38af9d9a51d5fd3157d\">Tallinn Voice International Music Contest 2026<\/p>\n<\/div>\n\n\n\n<hr class=\"wp-block-separator has-text-color has-palette-color-1-color has-alpha-channel-opacity has-palette-color-1-background-color has-background is-style-wide\" style=\"margin-top:0;margin-bottom:0\"\/>\n\n\n\n<div class=\"wp-block-group is-layout-constrained wp-container-core-group-is-layout-2faac235 wp-block-group-is-layout-constrained\" style=\"padding-right:var(--wp--preset--spacing--20);padding-left:var(--wp--preset--spacing--30)\">\n<h3 class=\"wp-block-heading has-palette-color-1-color has-text-color has-link-color has-medium-font-size wp-elements-2922cbde10d07739b59120a089c29f95\" style=\"padding-top:var(--wp--preset--spacing--30)\">Dates &amp; Venue<\/h3>\n\n\n\n<p style=\"padding-top:0;padding-bottom:0\"><strong>3 May 2026<\/strong><\/p>\n\n\n\n<h3 class=\"wp-block-heading has-palette-color-1-color has-text-color has-link-color has-medium-font-size wp-elements-c91da57612bf557054a72bdfc3fc8314\" style=\"padding-top:0\">Venue:<\/h3>\n\n\n\n<p>Mere Kultuurikeskus<br>Mere pst 5, Tallinn, Estonia<\/p>\n\n\n\n<h2 class=\"wp-block-heading has-palette-color-1-color has-text-color has-link-color has-medium-font-size wp-elements-13824b3988065c99b591f7b1848df8a5\">Purpose of the Competition<\/h2>\n\n\n\n<p>The competition aims to:<\/p>\n\n\n\n<ul class=\"wp-block-list\">\n<li>Develop stage culture and professional performance level<\/li>\n\n\n\n<li>Provide opportunities for participation in international projects, competitions and festivals<\/li>\n\n\n\n<li>Strengthen international cultural cooperation<\/li>\n\n\n\n<li>Promote artistic creativity and performance excellence<\/li>\n<\/ul>\n\n\n\n<h3 class=\"wp-block-heading has-palette-color-1-color has-text-color has-link-color has-medium-font-size wp-elements-d3bd006d75fbd9a20179349996652d79\"><strong>Age groups and time of performance:<\/strong><\/h3>\n\n\n\n<ul class=\"wp-block-list\">\n<li>Young Musicians: 7 to 10 years old \u2013 till 5 minutes ( one or two pieces)<\/li>\n\n\n\n<li>Musicians: 11 to 13 years old \u2013 till 10 minutes (one or two pieces)<\/li>\n\n\n\n<li>Musicians: 14 to 17 years old \u2013 12 minutes ( one or two pieces)<\/li>\n\n\n\n<li>Musicians: 18 years and older \u2014 up to 13 minutes (one piece or pieces of different character)<\/li>\n<\/ul>\n\n\n\n<h3 class=\"wp-block-heading has-palette-color-1-color has-text-color has-link-color has-medium-font-size wp-elements-eff482312160b8a042ac7c401537cd1d\"><strong>Repertoire requirements. Participants may choose one or two pieces from any of the following category:<\/strong><\/h3>\n\n\n\n<ul class=\"wp-block-list\">\n<li><strong>Classical repertoire (Baroque, Classical, Romantic or Contemporary periods).<\/strong><\/li>\n\n\n\n<li><strong>Folk\/Traditional<\/strong><\/li>\n\n\n\n<li><strong>Modern composing<\/strong><\/li>\n\n\n\n<li><strong>Jazz\/Blues<\/strong><\/li>\n<\/ul>\n\n\n\n<h3 class=\"wp-block-heading has-palette-color-1-color has-text-color has-link-color has-medium-font-size wp-elements-cbd476bd2831bf43acebf940781df2e7\">Nominations<\/h3>\n\n\n\n<ul class=\"wp-block-list\">\n<li>Solo\u00a0<\/li>\n\n\n\n<li>Duet<\/li>\n\n\n\n<li>Ensemble<\/li>\n\n\n\n<li>Orchestra<\/li>\n<\/ul>\n\n\n\n<h3 class=\"wp-block-heading has-palette-color-1-color has-text-color has-link-color has-medium-font-size wp-elements-e5138732b598047b593693b666df273e\">Important:<\/h3>\n\n\n\n<p>Grand Prix winner of 2025 may not participate in 2026 in the same age category<\/p>\n\n\n\n<h3 class=\"wp-block-heading has-palette-color-1-color has-text-color has-link-color has-medium-font-size wp-elements-0bdf66d3ecd9581c0cffa188751c44e5\">Evaluation &amp; Grading System<\/h3>\n\n\n\n<p>The grading system is open and transparent.<\/p>\n\n\n\n<p>95\u201399 \u2014 Laureate I<br>90\u201394 \u2014 Laureate II<br>85\u201389 \u2014 Laureate III<br>80\u201384 \u2014 Diploma<br>75\u201379 \u2014 Participant<br>100 \u2014 Grand Prix Nominee<\/p>\n\n\n\n<p>The decision to award the Grand Prix will be made on a point-by-point basis, in the event of a dispute, by the general decisions of the jury. If different contestants in the same nomination collect a similar number of points, the chairman of the jury has the right to vote again. The decision of the jury is correct and cannot be challenged.<\/p>\n\n\n\n<h3 class=\"wp-block-heading has-palette-color-1-color has-text-color has-link-color has-medium-font-size wp-elements-4f900d473e12795be1b9ae829123366e\">Jury<\/h3>\n\n\n\n<p>The international jury consists of internationally recognized professional musicians and teachers, producers, composers, heads of creative teams and organizations, cultural and art figures.<\/p>\n\n\n\n<h3 class=\"wp-block-heading has-palette-color-1-color has-text-color has-link-color has-medium-font-size wp-elements-4ea66bcf18fc43247d8984350a297639\">Evaluation Criteria<\/h3>\n\n\n\n<ul class=\"wp-block-list\">\n<li>Intonation<\/li>\n\n\n\n<li>Professionalism<\/li>\n\n\n\n<li>Originality<\/li>\n\n\n\n<li>Stage image<\/li>\n\n\n\n<li>Performance &amp; interpretation<\/li>\n<\/ul>\n\n\n\n<h3 class=\"wp-block-heading has-palette-color-1-color has-text-color has-link-color has-medium-font-size wp-elements-b60536edb64565b54f6a4e5f89c17afb\">Grand Awards<\/h3>\n\n\n\n<ul class=\"wp-block-list\">\n<li>Grand Prix \u2014 250 \u20ac<\/li>\n<\/ul>\n\n\n\n<h3 class=\"wp-block-heading has-palette-color-1-color has-text-color has-link-color has-medium-font-size wp-elements-b57052d5d731506dcadf0263edce92de\">Special Awards<\/h3>\n\n\n\n<ul class=\"wp-block-list\">\n<li>\u00a0Competition organizers award<\/li>\n\n\n\n<li>\u2022 Rising star (promising artist)<\/li>\n\n\n\n<li>\u2022 The most artistic contestant<\/li>\n\n\n\n<li>\u2022 The most original artist<\/li>\n\n\n\n<li>\u2022 The youngest participant<\/li>\n<\/ul>\n\n\n\n<p style=\"font-size:clamp(14px, 0.875rem + ((1vw - 3.2px) * 0.391), 19px);\">All participants receive trophies, diplomas and gifts.<\/p>\n\n\n\n<h3 class=\"wp-block-heading has-text-align-center has-palette-color-1-color has-text-color has-link-color wp-elements-1e31cbeb8cd136a0ec16b02653b6e8ea\">Registration<\/h3>\n\n\n\n<p class=\"has-luminous-vivid-orange-color has-text-color has-link-color wp-elements-a1d4e6b1d31573aa9196b0f340811a8a\">Application deadline: <strong>1 April 2026<\/strong><\/p>\n\n\n\n<p class=\"has-luminous-vivid-orange-color has-text-color has-link-color wp-elements-dd9439461bf9f41e79f029dc7b167e02\">Early-bird discount for applications submitted before <strong>15 March 2026<\/strong><\/p>\n\n\n\n<p class=\"has-palette-color-3-color has-text-color has-link-color wp-elements-19e00ce263812a0dda19200000a404d2\">Entry fee payment deadline: <strong>10 April 2026<\/strong><br>(Late applications will not be accepted.)<\/p>\n\n\n\n<p>Song changes are allowed until <strong>20 April 2026<\/strong> via email:<br>\ud83d\udce9 <a>tallinnvoice@gmail.com<\/a><\/p>\n\n\n\n<p>After 20 April, song changes are subject to a <strong>20 \u20ac administrative fee<\/strong>.<\/p>\n\n\n\n<p>Participation fees are non-refundable in case of withdrawal for personal reasons.<\/p>\n\n\n\n<hr class=\"wp-block-separator has-alpha-channel-opacity\"\/>\n\n\n\n<h3 class=\"wp-block-heading has-text-align-center has-palette-color-1-color has-text-color has-link-color has-medium-font-size wp-elements-0333a71fc74433c6b69d42096e79f84c\">Participation Fees (per nomination)<\/h3>\n\n\n\n<p class=\"has-text-align-center\">Application deadline <strong>01.04.2026<\/strong><\/p>\n<\/div>\n\n\n\n<div class=\"wp-block-group is-layout-constrained wp-block-group-is-layout-constrained\">\n<figure class=\"wp-block-table is-style-regular\" style=\"padding-right:var(--wp--preset--spacing--30);padding-left:var(--wp--preset--spacing--30);font-style:normal;font-weight:700\"><table class=\"has-palette-color-3-color has-text-color has-link-color has-fixed-layout\"><tbody><tr><td class=\"has-text-align-left\" data-align=\"left\">Category<\/td><td class=\"has-text-align-center\" data-align=\"center\">Price before 15 March<\/td><td class=\"has-text-align-center\" data-align=\"center\">Price after 15 March<\/td><\/tr><tr><td class=\"has-text-align-left\" data-align=\"left\">Solo<\/td><td class=\"has-text-align-center\" data-align=\"center\">50\u20ac<\/td><td class=\"has-text-align-center\" data-align=\"center\">90\u20ac<\/td><\/tr><tr><td class=\"has-text-align-left\" data-align=\"left\">Duet<\/td><td class=\"has-text-align-center\" data-align=\"center\">70\u20ac<\/td><td class=\"has-text-align-center\" data-align=\"center\">130\u20ac<\/td><\/tr><tr><td class=\"has-text-align-left\" data-align=\"left\">Trio<\/td><td class=\"has-text-align-center\" data-align=\"center\">90\u20ac<\/td><td class=\"has-text-align-center\" data-align=\"center\">160\u20ac<\/td><\/tr><tr><td class=\"has-text-align-left\" data-align=\"left\">Ensemble (4 participants)<\/td><td class=\"has-text-align-center\" data-align=\"center\">25\u20ac \/ per person<\/td><td class=\"has-text-align-center\" data-align=\"center\">30\u20ac \/ per person<\/td><\/tr><tr><td class=\"has-text-align-left\" data-align=\"left\">Ensemble 5+ (per participant)<\/td><td class=\"has-text-align-center\" data-align=\"center\">30\u20ac \/ per person<\/td><td class=\"has-text-align-center\" data-align=\"center\">35\u20ac \/ per person<\/td><\/tr><\/tbody><\/table><\/figure>\n\n\n\n<p class=\"has-medium-font-size\" style=\"padding-left:var(--wp--preset--spacing--30)\">Early-bird discount applies to applications submitted before 15 March 2026.<\/p>\n<\/div>\n\n\n\n<h3 class=\"wp-block-heading has-text-align-center has-palette-color-1-color has-text-color has-link-color has-medium-font-size wp-elements-be99296a8bcece16be598c6e96395ca5\"><strong>Accreditation &amp; Accommodation<\/strong><\/h3>\n\n\n\n<div class=\"wp-block-columns is-layout-flex wp-container-core-columns-is-layout-1a2ddb66 wp-block-columns-is-layout-flex\" style=\"padding-right:var(--wp--preset--spacing--30);padding-left:var(--wp--preset--spacing--30)\">\n<div class=\"wp-block-column is-layout-flow wp-block-column-is-layout-flow\">\n<figure class=\"wp-block-gallery alignwide has-nested-images columns-default is-cropped wp-block-gallery-1 is-layout-flex wp-block-gallery-is-layout-flex\" style=\"border-style:none;border-width:0px;border-top-left-radius:4px;border-top-right-radius:4px;border-bottom-left-radius:4px;border-bottom-right-radius:4px\">\n<figure class=\"wp-block-image size-large\"><img loading=\"lazy\" decoding=\"async\" width=\"1024\" height=\"427\" data-id=\"138\" src=\"https:\/\/new.tallinnvoice.ee\/wp-content\/uploads\/2026\/03\/meriton2-1024x427.jpg\" alt=\"\" class=\"wp-image-138\" style=\"aspect-ratio:4\/3\" srcset=\"https:\/\/new.tallinnvoice.ee\/wp-content\/uploads\/2026\/03\/meriton2-1024x427.jpg 1024w, https:\/\/new.tallinnvoice.ee\/wp-content\/uploads\/2026\/03\/meriton2-300x125.jpg 300w, https:\/\/new.tallinnvoice.ee\/wp-content\/uploads\/2026\/03\/meriton2-768x320.jpg 768w, https:\/\/new.tallinnvoice.ee\/wp-content\/uploads\/2026\/03\/meriton2-1536x640.jpg 1536w, https:\/\/new.tallinnvoice.ee\/wp-content\/uploads\/2026\/03\/meriton2-18x8.jpg 18w, https:\/\/new.tallinnvoice.ee\/wp-content\/uploads\/2026\/03\/meriton2.jpg 1920w\" sizes=\"auto, (max-width: 1024px) 100vw, 1024px\" \/><\/figure>\n\n\n\n<figure class=\"wp-block-image size-large\"><img loading=\"lazy\" decoding=\"async\" width=\"192\" height=\"128\" data-id=\"139\" src=\"https:\/\/new.tallinnvoice.ee\/wp-content\/uploads\/2026\/03\/meriton3.jpeg\" alt=\"\" class=\"wp-image-139\" style=\"aspect-ratio:4\/3\" srcset=\"https:\/\/new.tallinnvoice.ee\/wp-content\/uploads\/2026\/03\/meriton3.jpeg 192w, https:\/\/new.tallinnvoice.ee\/wp-content\/uploads\/2026\/03\/meriton3-18x12.jpeg 18w\" sizes=\"auto, (max-width: 192px) 100vw, 192px\" \/><\/figure>\n\n\n\n<figure class=\"wp-block-image size-large\"><img loading=\"lazy\" decoding=\"async\" width=\"812\" height=\"501\" data-id=\"140\" src=\"https:\/\/new.tallinnvoice.ee\/wp-content\/uploads\/2026\/03\/meriton4.jpg\" alt=\"\" class=\"wp-image-140\" style=\"aspect-ratio:4\/3\" srcset=\"https:\/\/new.tallinnvoice.ee\/wp-content\/uploads\/2026\/03\/meriton4.jpg 812w, https:\/\/new.tallinnvoice.ee\/wp-content\/uploads\/2026\/03\/meriton4-300x185.jpg 300w, https:\/\/new.tallinnvoice.ee\/wp-content\/uploads\/2026\/03\/meriton4-768x474.jpg 768w, https:\/\/new.tallinnvoice.ee\/wp-content\/uploads\/2026\/03\/meriton4-18x12.jpg 18w\" sizes=\"auto, (max-width: 812px) 100vw, 812px\" \/><\/figure>\n\n\n\n<figure class=\"wp-block-image size-large\"><img loading=\"lazy\" decoding=\"async\" width=\"1424\" height=\"1069\" data-id=\"137\" src=\"https:\/\/new.tallinnvoice.ee\/wp-content\/uploads\/2026\/03\/meriton1-edited-1.avif\" alt=\"\" class=\"wp-image-137\" style=\"aspect-ratio:4\/3\" srcset=\"https:\/\/new.tallinnvoice.ee\/wp-content\/uploads\/2026\/03\/meriton1-edited-1.avif 1424w, https:\/\/new.tallinnvoice.ee\/wp-content\/uploads\/2026\/03\/meriton1-edited-1-300x225.avif 300w, https:\/\/new.tallinnvoice.ee\/wp-content\/uploads\/2026\/03\/meriton1-edited-1-1024x769.avif 1024w, https:\/\/new.tallinnvoice.ee\/wp-content\/uploads\/2026\/03\/meriton1-edited-1-768x577.avif 768w, https:\/\/new.tallinnvoice.ee\/wp-content\/uploads\/2026\/03\/meriton1-edited-1-16x12.avif 16w\" sizes=\"auto, (max-width: 1424px) 100vw, 1424px\" \/><\/figure>\n<\/figure>\n<\/div>\n\n\n\n<div class=\"wp-block-column is-layout-flow wp-block-column-is-layout-flow\">\n<p>Accommodation during the competition must be booked through the organizers (except for participants from Estonia)<\/p>\n\n\n\n<p><\/p>\n\n\n\n<p style=\"text-decoration:underline\"><strong>Official partner hotel:<\/strong><\/p>\n\n\n\n<p class=\"has-palette-color-1-color has-text-color has-link-color wp-elements-661bcea19c14ab8d819f13e02f8742cc\" style=\"padding-right:0;font-size:clamp(14px, 0.875rem + ((1vw - 3.2px) * 0.156), 16px);\"><strong>Park Inn by Radisson Meriton Conference &amp; Spa Hotel Tallinn 4*<\/strong><br>Toompuiestee 27, Tallinn, Estonia<\/p>\n\n\n\n<p>The cost depends on the number of people, room type, and length of stay.<br>Special rates apply to accompanying persons.<\/p>\n<\/div>\n<\/div>\n\n\n\n<div class=\"wp-block-group is-layout-constrained wp-container-core-group-is-layout-ff778368 wp-block-group-is-layout-constrained\" style=\"padding-right:var(--wp--preset--spacing--30);padding-left:var(--wp--preset--spacing--30)\">\n<div class=\"wp-block-columns is-layout-flex wp-container-core-columns-is-layout-28f84493 wp-block-columns-is-layout-flex\">\n<div class=\"wp-block-column is-layout-flow wp-block-column-is-layout-flow\" style=\"flex-basis:100%\">\n<figure class=\"wp-block-table\"><table class=\"has-fixed-layout\"><tbody><tr><td>Package<\/td><td class=\"has-text-align-center\" data-align=\"center\">Accommodation<\/td><td class=\"has-text-align-center\" data-align=\"center\">Price Participant<\/td><td class=\"has-text-align-center\" data-align=\"center\">Price Accompanying<\/td><td class=\"has-text-align-center\" data-align=\"center\">Single room Participant<\/td><\/tr><tr><td>1 Package<\/td><td class=\"has-text-align-center\" data-align=\"center\">2 days \/ 1 night<\/td><td class=\"has-text-align-center\" data-align=\"center\">120\u20ac<\/td><td class=\"has-text-align-center\" data-align=\"center\">100\u20ac<\/td><td class=\"has-text-align-center\" data-align=\"center\">170\u20ac<\/td><\/tr><tr><td>2 Package<\/td><td class=\"has-text-align-center\" data-align=\"center\">3 days \/ 2 night<\/td><td class=\"has-text-align-center\" data-align=\"center\">200\u20ac<\/td><td class=\"has-text-align-center\" data-align=\"center\">150\u20ac<\/td><td class=\"has-text-align-center\" data-align=\"center\">250\u20ac<\/td><\/tr><\/tbody><\/table><\/figure>\n<\/div>\n<\/div>\n\n\n\n<p class=\"has-palette-color-1-color has-text-color has-link-color has-medium-font-size wp-elements-61e74219e32168945aff6b85f66c6b44\"><strong>Accreditation Includes<\/strong><\/p>\n\n\n\n<ul class=\"wp-block-list\">\n<li>Twin \/ triple room accommodation<\/li>\n\n\n\n<li>Breakfast and dinner<\/li>\n\n\n\n<li>SPA &amp; sauna center access<\/li>\n\n\n\n<li>Application review<\/li>\n\n\n\n<li>Participant video card<\/li>\n\n\n\n<li>Performance on professional stage<\/li>\n\n\n\n<li>High-quality sound and lighting<\/li>\n\n\n\n<li>Live worldwide broadcast<\/li>\n\n\n\n<li>International jury evaluation<\/li>\n\n\n\n<li>Souvenirs and memorable gifts<\/li>\n\n\n\n<li>Guided tour of Old Tallinn<\/li>\n\n\n\n<li>Transfers: hotel \u2192 venue \u2192 hotel<\/li>\n<\/ul>\n\n\n\n<p>Additional night: <strong>55 \u20ac per person<\/strong> (twin\/triple room + breakfast)<\/p>\n\n\n\n<p>Team leaders with <strong>10+ participants receive free accommodation<\/strong>.<\/p>\n\n\n\n<h3 class=\"wp-block-heading has-text-align-center has-palette-color-1-color has-text-color has-link-color has-medium-font-size wp-elements-a5e1886eb1d016f88603a1b07132859b\"><strong>Additional Information<\/strong><\/h3>\n\n\n\n<ul class=\"wp-block-list\">\n<li><strong>Schedule available 14 days before contest<\/strong><\/li>\n\n\n\n<li><strong>By submitting the application, participants confirm acceptance of the competition rules.<\/strong><\/li>\n<\/ul>\n\n\n\n<h3 class=\"wp-block-heading has-text-align-center has-palette-color-1-color has-text-color has-link-color has-medium-font-size wp-elements-4647b6171d1901b2479b743d37277068\"><strong>Copyrights<\/strong><\/h3>\n\n\n\n<p><strong>By participating in the contest, participants agree to photo, audio, and video recording, and transfer the rights to use this material to the organizers.<\/strong><\/p>\n\n\n\n<p class=\"has-medium-font-size\"><strong>The organizers reserve the right to make changes to the competition guide and rules.<\/strong><\/p>\n\n\n\n<p class=\"has-palette-color-1-color has-text-color has-link-color has-medium-font-size wp-elements-5a0b75c4d8310117aa519479ba2f9612\"><strong>Bank details:<\/strong><\/p>\n\n\n\n<p>AS SWEDBANK AS,<\/p>\n\n\n\n<p>address: Liivalaia 8, 15040 Tallinn, SWIFT\/BIC&nbsp; HABAEE2X<\/p>\n\n\n\n<p>Recipient: DELIGHT GRUPP MT\u00dc,<\/p>\n\n\n\n<p>account: <strong>EE462200221090084190<\/strong><\/p>\n\n\n\n<h3 class=\"wp-block-heading has-palette-color-1-color has-text-color has-link-color has-medium-font-size wp-elements-2ae97a0f19ce7b3d4cb4f1cee5892698\"><strong>Contacts:<\/strong><\/h3>\n\n\n\n<p>Delight Grupp MR\u00dc, S\u00f5\u00f5rkakra p\u00f5ik, 23, Tallinn, Estonia<\/p>\n\n\n\n<p>+37258438909&nbsp; Elena Savtsuk<\/p>\n\n\n\n<p>+3725045060 Elena Pimenova<\/p>\n\n\n\n<p>e-mail: <a href=\"mailto:tallinnvoice@gmail.com\">tallinnvoice@gmail.com<\/a><\/p>\n\n\n\n<p>www.tallinnvoice.ee<\/p>\n<\/div>\n\n\n\n<p class=\"has-text-align-center\"><br><\/p>","protected":false},"excerpt":{"rendered":"<p>\ud83c\udfb9 INSTRUMENTAL COMPETITION REGULATIONS Tallinn Voice International Music Contest 2026 Dates &amp; Venue 3 May 2026 Venue: Mere KultuurikeskusMere pst 5, Tallinn, Estonia Purpose of the Competition The competition aims to: Age groups and time of performance: Repertoire requirements. Participants may choose one or two pieces from any of the following category: Nominations Important: Grand [&hellip;]<\/p>\n","protected":false},"author":1,"featured_media":0,"parent":0,"menu_order":0,"comment_status":"closed","ping_status":"closed","template":"","meta":{"_eb_attr":"","_gspb_post_css":"","_monsterinsights_skip_tracking":false,"_monsterinsights_sitenote_active":false,"_monsterinsights_sitenote_note":"","_monsterinsights_sitenote_category":0,"footnotes":""},"class_list":["post-111","page","type-page","status-publish","hentry"],"blocksy_meta":[],"aioseo_notices":[],"_links":{"self":[{"href":"https:\/\/new.tallinnvoice.ee\/et\/wp-json\/wp\/v2\/pages\/111","targetHints":{"allow":["GET"]}}],"collection":[{"href":"https:\/\/new.tallinnvoice.ee\/et\/wp-json\/wp\/v2\/pages"}],"about":[{"href":"https:\/\/new.tallinnvoice.ee\/et\/wp-json\/wp\/v2\/types\/page"}],"author":[{"embeddable":true,"href":"https:\/\/new.tallinnvoice.ee\/et\/wp-json\/wp\/v2\/users\/1"}],"replies":[{"embeddable":true,"href":"https:\/\/new.tallinnvoice.ee\/et\/wp-json\/wp\/v2\/comments?post=111"}],"version-history":[{"count":5,"href":"https:\/\/new.tallinnvoice.ee\/et\/wp-json\/wp\/v2\/pages\/111\/revisions"}],"predecessor-version":[{"id":150,"href":"https:\/\/new.tallinnvoice.ee\/et\/wp-json\/wp\/v2\/pages\/111\/revisions\/150"}],"wp:attachment":[{"href":"https:\/\/new.tallinnvoice.ee\/et\/wp-json\/wp\/v2\/media?parent=111"}],"curies":[{"name":"wp","href":"https:\/\/api.w.org\/{rel}","templated":true}]}}